{"id":29,"date":"2025-08-11T09:58:40","date_gmt":"2025-08-11T09:58:40","guid":{"rendered":"https:\/\/demos.agenciaeiduo.com\/consorciodejabugo\/?page_id=29"},"modified":"2025-08-14T07:06:56","modified_gmt":"2025-08-14T07:06:56","slug":"jabugo","status":"publish","type":"page","link":"https:\/\/consorciodejabugo.com\/index.php\/jabugo\/","title":{"rendered":"Jabugo"},"content":{"rendered":"\n<div class=\"wp-block-columns is-layout-flex wp-container-core-columns-is-layout-9d6595d7 wp-block-columns-is-layout-flex\">\n<div class=\"wp-block-column is-layout-flow wp-block-column-is-layout-flow\">\n<h2 class=\"wp-block-heading title h1 font-secondary text-color-medium\">Un lugar \u00fanico<\/h2>\n<\/div>\n<\/div>\n\n\n\n<div class=\"wp-block-columns is-layout-flex wp-container-core-columns-is-layout-9d6595d7 wp-block-columns-is-layout-flex\">\n<div class=\"wp-block-column is-layout-flow wp-block-column-is-layout-flow\" style=\"flex-basis:33.33%\">\n<p>Jabugo, cuna del mejor jam\u00f3n ib\u00e9rico. Sin\u00f3nimo de tradici\u00f3n y de buen hacer artesanal. Aqu\u00ed los jamones y paletas m\u00e1s famosos del mundo se curan de forma natural.<\/p>\n\n\n\n<p>A 700 metros de altitud, recibiendo los fr\u00edos vientos del norte durante el invierno y las suaves temperaturas del verano. \u00c9ste es el enclave donde Consorcio de Jabugo desarrolla su proyecto.<\/p>\n\n\n\n<p>Con un estricto control de calidad de todo el proceso de producci\u00f3n y elaboraci\u00f3n, desde la crianza del cerdo hasta la maduraci\u00f3n de sus productos elaborados de forma artesanal, con ingredientes naturales y artes tradicionales de la Sierra de Huelva.<\/p>\n\n\n\n<p>Cerdo Ib\u00e9rico, sal y especias seleccionadas. Curaci\u00f3n en secaderos naturales, al fr\u00edo aire de la Sierra y lenta maduraci\u00f3n en bodegas.<\/p>\n<\/div>\n\n\n\n<div class=\"wp-block-column is-layout-flow wp-block-column-is-layout-flow\">\n<figure class=\"wp-block-gallery has-nested-images columns-1 wp-block-gallery-1 is-layout-flex wp-block-gallery-is-layout-flex\">\n<figure class=\"wp-block-image size-full\"><img decoding=\"async\" width=\"338\" height=\"182\" data-id=\"324\" src=\"https:\/\/consorciodejabugo.com\/wp-content\/uploads\/2025\/08\/jabugo2.jpg\" alt=\"\" class=\"wp-image-324\" srcset=\"https:\/\/consorciodejabugo.com\/wp-content\/uploads\/2025\/08\/jabugo2.jpg 338w, https:\/\/consorciodejabugo.com\/wp-content\/uploads\/2025\/08\/jabugo2-300x162.jpg 300w\" sizes=\"(max-width: 338px) 100vw, 338px\" \/><\/figure>\n\n\n\n<figure class=\"wp-block-image size-full\"><img decoding=\"async\" width=\"338\" height=\"182\" data-id=\"325\" src=\"https:\/\/consorciodejabugo.com\/wp-content\/uploads\/2025\/08\/jabugo3.jpg\" alt=\"\" class=\"wp-image-325\" srcset=\"https:\/\/consorciodejabugo.com\/wp-content\/uploads\/2025\/08\/jabugo3.jpg 338w, https:\/\/consorciodejabugo.com\/wp-content\/uploads\/2025\/08\/jabugo3-300x162.jpg 300w\" sizes=\"(max-width: 338px) 100vw, 338px\" \/><\/figure>\n<\/figure>\n<\/div>\n\n\n\n<div class=\"wp-block-column is-layout-flow wp-block-column-is-layout-flow\">\n<figure class=\"wp-block-gallery has-nested-images columns-default is-cropped wp-block-gallery-2 is-layout-flex wp-block-gallery-is-layout-flex\">\n<figure class=\"wp-block-image size-large\"><img decoding=\"async\" width=\"256\" height=\"385\" data-id=\"326\" src=\"https:\/\/consorciodejabugo.com\/wp-content\/uploads\/2025\/08\/jabugo1.jpg\" alt=\"\" class=\"wp-image-326\" srcset=\"https:\/\/consorciodejabugo.com\/wp-content\/uploads\/2025\/08\/jabugo1.jpg 256w, https:\/\/consorciodejabugo.com\/wp-content\/uploads\/2025\/08\/jabugo1-199x300.jpg 199w\" sizes=\"(max-width: 256px) 100vw, 256px\" \/><\/figure>\n<\/figure>\n<\/div>\n<\/div>\n","protected":false},"excerpt":{"rendered":"<p>Un lugar \u00fanico Jabugo, cuna del mejor jam\u00f3n ib\u00e9rico. Sin\u00f3nimo de tradici\u00f3n y de buen hacer artesanal. Aqu\u00ed los jamones y paletas m\u00e1s famosos del mundo se curan de forma natural. A 700 metros de altitud, recibiendo los fr\u00edos vientos del norte durante el invierno y las suaves temperaturas del verano. \u00c9ste es el enclave [&hellip;]<\/p>\n","protected":false},"author":1,"featured_media":511,"parent":0,"menu_order":320,"comment_status":"closed","ping_status":"closed","template":"","meta":{"_acf_changed":false,"_et_pb_use_builder":"off","_et_pb_old_content":"","_et_gb_content_width":"1080","footnotes":""},"class_list":["post-29","page","type-page","status-publish","has-post-thumbnail","hentry"],"acf":[],"_links":{"self":[{"href":"https:\/\/consorciodejabugo.com\/index.php\/wp-json\/wp\/v2\/pages\/29","targetHints":{"allow":["GET"]}}],"collection":[{"href":"https:\/\/consorciodejabugo.com\/index.php\/wp-json\/wp\/v2\/pages"}],"about":[{"href":"https:\/\/consorciodejabugo.com\/index.php\/wp-json\/wp\/v2\/types\/page"}],"author":[{"embeddable":true,"href":"https:\/\/consorciodejabugo.com\/index.php\/wp-json\/wp\/v2\/users\/1"}],"replies":[{"embeddable":true,"href":"https:\/\/consorciodejabugo.com\/index.php\/wp-json\/wp\/v2\/comments?post=29"}],"version-history":[{"count":0,"href":"https:\/\/consorciodejabugo.com\/index.php\/wp-json\/wp\/v2\/pages\/29\/revisions"}],"wp:featuredmedia":[{"embeddable":true,"href":"https:\/\/consorciodejabugo.com\/index.php\/wp-json\/wp\/v2\/media\/511"}],"wp:attachment":[{"href":"https:\/\/consorciodejabugo.com\/index.php\/wp-json\/wp\/v2\/media?parent=29"}],"curies":[{"name":"wp","href":"https:\/\/api.w.org\/{rel}","templated":true}]}}