{"id":22,"date":"2025-08-11T09:58:02","date_gmt":"2025-08-11T09:58:02","guid":{"rendered":"https:\/\/demos.agenciaeiduo.com\/consorciodejabugo\/?page_id=22"},"modified":"2025-09-12T11:31:50","modified_gmt":"2025-09-12T11:31:50","slug":"inicio","status":"publish","type":"page","link":"https:\/\/consorciodejabugo.com\/","title":{"rendered":"Inicio"},"content":{"rendered":"<p>[et_pb_section fb_built=\u00bb1&#8243; module_class=\u00bbh&#8211;hero separator bottom\u00bb _builder_version=\u00bb4.27.4&#8243; _module_preset=\u00bbdefault\u00bb background_image=\u00bbhttps:\/\/consorciodejabugo.com\/wp-content\/uploads\/2025\/08\/cerdos_ibericos_consorcio_jabugo.jpg\u00bb global_colors_info=\u00bb{}\u00bb][et_pb_row module_class=\u00bbw-950&#8243; _builder_version=\u00bb4.27.4&#8243; _module_preset=\u00bbdefault\u00bb custom_padding=\u00bb0rem||4rem||false|false\u00bb global_colors_info=\u00bb{}\u00bb][et_pb_column type=\u00bb4_4&#8243; _builder_version=\u00bb4.27.4&#8243; _module_preset=\u00bbdefault\u00bb global_colors_info=\u00bb{}\u00bb][et_pb_text module_class=\u00bbtext-color-secondary\u00bb _builder_version=\u00bb4.27.4&#8243; _module_preset=\u00bbdefault\u00bb background_enable_image=\u00bboff\u00bb text_orientation=\u00bbcenter\u00bb custom_margin=\u00bb||0px||false|false\u00bb global_colors_info=\u00bb{}\u00bb]<span class=\"h1 font-complementary\">Nombre Propio<\/span><\/p>\n<div class=\"linea\"><\/div>\n<h1 class=\"title font-secondary text-color-white\"><span>Consorcio de Jabugo, <\/span><br \/>\n<span class=\"font-xl\">Origen del Ib\u00e9rico<\/span><\/h1>\n<p>[\/et_pb_text][et_pb_code module_class=\u00bblinea-claim\u00bb _builder_version=\u00bb4.27.4&#8243; _module_preset=\u00bbdefault\u00bb hover_enabled=\u00bb0&#8243; global_colors_info=\u00bb{}\u00bb sticky_enabled=\u00bb0&#8243;]<\/p>\n<div class=\"linea\"><\/div>\n<p><!-- [et_pb_line_break_holder] --><img fetchpriority=\"high\" decoding=\"async\" width=\"48\" height=\"27\" src=\"\/wp-content\/themes\/Bimba\/assets\/img\/cdj-hoja.webp\" alt=\"\"><!-- [et_pb_line_break_holder] --><\/p>\n<div class=\"linea\"><\/div>\n<p>[\/et_pb_code][\/et_pb_column][\/et_pb_row][\/et_pb_section][et_pb_section fb_built=\u00bb1&#8243; _builder_version=\u00bb4.27.4&#8243; _module_preset=\u00bbdefault\u00bb global_colors_info=\u00bb{}\u00bb][et_pb_row module_class=\u00bbw-950&#8243; _builder_version=\u00bb4.27.4&#8243; _module_preset=\u00bbdefault\u00bb global_colors_info=\u00bb{}\u00bb][et_pb_column type=\u00bb4_4&#8243; _builder_version=\u00bb4.27.4&#8243; _module_preset=\u00bbdefault\u00bb global_colors_info=\u00bb{}\u00bb][et_pb_image src=\u00bbhttps:\/\/consorciodejabugo.com\/wp-content\/uploads\/2025\/08\/cerdo_iberico_es.jpg\u00bb title_text=\u00bbcerdo_iberico_es\u00bb align=\u00bbcenter\u00bb _builder_version=\u00bb4.27.4&#8243; _module_preset=\u00bbdefault\u00bb global_colors_info=\u00bb{}\u00bb][\/et_pb_image][et_pb_text module_class=\u00bbfont-secondary\u00bb _builder_version=\u00bb4.27.4&#8243; _module_preset=\u00bbdefault\u00bb text_orientation=\u00bbcenter\u00bb global_colors_info=\u00bb{}\u00bb]<span class=\"font-large\">Le presentamos a un animal \u00fanico en el mundo, una raza aut\u00e9ntica criada en un entorno id\u00edlico. Su alimentaci\u00f3n basada en bellotas y las privilegiadas condiciones de las dehesas le otorgan unas caracter\u00edsticas muy especiales.<\/span>[\/et_pb_text][et_pb_code _builder_version=\u00bb4.27.4&#8243; _module_preset=\u00bbdefault\u00bb custom_margin=\u00bb||0px||false|false\u00bb custom_padding=\u00bb||||false|false\u00bb global_colors_info=\u00bb{}\u00bb]<\/p>\n<div class=\"linea\"><\/div>\n<p>[\/et_pb_code][et_pb_text ul_type=\u00bbnone\u00bb module_class=\u00bblist-item-links\u00bb _builder_version=\u00bb4.27.4&#8243; _module_preset=\u00bbdefault\u00bb ul_text_align=\u00bbcenter\u00bb text_orientation=\u00bbcenter\u00bb global_colors_info=\u00bb{}\u00bb]<\/p>\n<ul>\n<li class=\"mInt_1  first\"><a class=\"secID_17_18 wLinked aMenu menuCerdo fuente_7\" href=\"https:\/\/www.consorciodejabugo.com\/cerdo\/la-dehesa\/es\" target=\"_self\" title=\"La Dehesa\">La Dehesa<\/a><\/li>\n<li class=\"mInt_2 \"><a class=\"secID_17_19 wLinked aMenu menuCerdo fuente_7\" href=\"https:\/\/www.consorciodejabugo.com\/cerdo\/la-raza\/es\" target=\"_self\" title=\"La Raza\">La Raza<\/a><\/li>\n<li class=\"mInt_3 \"><a class=\"secID_17_20 wLinked aMenu menuCerdo fuente_7\" href=\"https:\/\/www.consorciodejabugo.com\/cerdo\/alimentacion\/es\" target=\"_self\" title=\"Alimentaci\u00f3n\">Alimentaci\u00f3n<\/a><\/li>\n<li class=\"mInt_4  last\"><a class=\"secID_17_21 wLinked aMenu menuCerdo fuente_7\" href=\"https:\/\/www.consorciodejabugo.com\/cerdo\/despiece\/es\" target=\"_self\" title=\"Despiece\">Despiece<\/a><\/li>\n<\/ul>\n<p>[\/et_pb_text][\/et_pb_column][\/et_pb_row][\/et_pb_section][et_pb_section fb_built=\u00bb1&#8243; _builder_version=\u00bb4.27.4&#8243; _module_preset=\u00bbdefault\u00bb custom_padding=\u00bb0px||0px||false|false\u00bb global_colors_info=\u00bb{}\u00bb][et_pb_row _builder_version=\u00bb4.27.4&#8243; _module_preset=\u00bbdefault\u00bb custom_padding=\u00bb0px||0px||false|false\u00bb global_colors_info=\u00bb{}\u00bb][et_pb_column type=\u00bb4_4&#8243; _builder_version=\u00bb4.27.4&#8243; _module_preset=\u00bbdefault\u00bb global_colors_info=\u00bb{}\u00bb][et_pb_code _builder_version=\u00bb4.27.4&#8243; _module_preset=\u00bbdefault\u00bb global_colors_info=\u00bb{}\u00bb]<\/p>\n<div class=\"linea\"><\/div>\n<p>[\/et_pb_code][\/et_pb_column][\/et_pb_row][\/et_pb_section][et_pb_section fb_built=\u00bb1&#8243; _builder_version=\u00bb4.27.4&#8243; _module_preset=\u00bbdefault\u00bb global_colors_info=\u00bb{}\u00bb][et_pb_row column_structure=\u00bb3_5,2_5&#8243; _builder_version=\u00bb4.27.4&#8243; _module_preset=\u00bbdefault\u00bb global_colors_info=\u00bb{}\u00bb][et_pb_column type=\u00bb3_5&#8243; _builder_version=\u00bb4.27.4&#8243; _module_preset=\u00bbdefault\u00bb global_colors_info=\u00bb{}\u00bb][et_pb_text _builder_version=\u00bb4.27.4&#8243; _module_preset=\u00bbdefault\u00bb global_colors_info=\u00bb{}\u00bb]<\/p>\n<h2 class=\"title font-secondary font-xl text-color-medium\">Jabugo<\/h2>\n<h3>Tradici\u00f3n y Ritual<\/h3>\n<p>[\/et_pb_text][et_pb_text _builder_version=\u00bb4.27.4&#8243; _module_preset=\u00bbdefault\u00bb custom_padding=\u00bb|8%|||false|false\u00bb custom_padding_tablet=\u00bb|0%|||false|false\u00bb custom_padding_phone=\u00bb|0%|||false|false\u00bb custom_padding_last_edited=\u00bbon|tablet\u00bb global_colors_info=\u00bb{}\u00bb]<\/p>\n<p class=\"txtIzquierda fuente_2\">En este enclave m\u00e1gico, desde hace m\u00e1s de 26 a\u00f1os Consorcio de Jabugo elabora jamones, paletas, carnes y embutidos ib\u00e9ricos que conservan sus or\u00edgenes legendarios;<\/p>\n<p class=\"txtDerecha fuente_2\">respeto a la tradici\u00f3n y el saber hacer de sus maestros. Buscadores incansables de la m\u00e1xima calidad, para que nuestros productos siempre tengan la fama que se merecen.<\/p>\n<p>[\/et_pb_text][et_pb_text ul_type=\u00bbnone\u00bb module_class=\u00bblist-item-links\u00bb _builder_version=\u00bb4.27.4&#8243; _module_preset=\u00bbdefault\u00bb ul_font=\u00bb|||on|||||\u00bb ul_text_align=\u00bbleft\u00bb custom_margin=\u00bb||0px||false|false\u00bb global_colors_info=\u00bb{}\u00bb]<\/p>\n<ul>\n<li><a href=\"\/jabugo\">Ver M\u00e1s<\/a><\/li>\n<li><a href=\"\/contacto\">Conoce nuestra ubicaci\u00f3n<\/a><\/li>\n<\/ul>\n<p>[\/et_pb_text][et_pb_image src=\u00bbhttps:\/\/consorciodejabugo.com\/wp-content\/uploads\/2025\/08\/Jabugo-2.webp\u00bb title_text=\u00bbJabugo-2&#8243; _builder_version=\u00bb4.27.4&#8243; _module_preset=\u00bbdefault\u00bb global_colors_info=\u00bb{}\u00bb][\/et_pb_image][\/et_pb_column][et_pb_column type=\u00bb2_5&#8243; _builder_version=\u00bb4.27.4&#8243; _module_preset=\u00bbdefault\u00bb global_colors_info=\u00bb{}\u00bb][et_pb_image src=\u00bbhttps:\/\/consorciodejabugo.com\/wp-content\/uploads\/2025\/08\/Jabugo-1.webp\u00bb title_text=\u00bbJabugo-1&#8243; _builder_version=\u00bb4.27.4&#8243; _module_preset=\u00bbdefault\u00bb global_colors_info=\u00bb{}\u00bb][\/et_pb_image][\/et_pb_column][\/et_pb_row][\/et_pb_section][et_pb_section fb_built=\u00bb1&#8243; _builder_version=\u00bb4.27.4&#8243; _module_preset=\u00bbdefault\u00bb custom_padding=\u00bb0px||0px||false|false\u00bb global_colors_info=\u00bb{}\u00bb][et_pb_row _builder_version=\u00bb4.27.4&#8243; _module_preset=\u00bbdefault\u00bb custom_padding=\u00bb0px||0px||false|false\u00bb global_colors_info=\u00bb{}\u00bb][et_pb_column type=\u00bb4_4&#8243; _builder_version=\u00bb4.27.4&#8243; _module_preset=\u00bbdefault\u00bb global_colors_info=\u00bb{}\u00bb][et_pb_code _builder_version=\u00bb4.27.4&#8243; _module_preset=\u00bbdefault\u00bb global_colors_info=\u00bb{}\u00bb]<\/p>\n<div class=\"linea\"><\/div>\n<p>[\/et_pb_code][\/et_pb_column][\/et_pb_row][\/et_pb_section][et_pb_section fb_built=\u00bb1&#8243; _builder_version=\u00bb4.27.4&#8243; _module_preset=\u00bbdefault\u00bb global_colors_info=\u00bb{}\u00bb][et_pb_row _builder_version=\u00bb4.27.4&#8243; _module_preset=\u00bbdefault\u00bb global_colors_info=\u00bb{}\u00bb][et_pb_column type=\u00bb4_4&#8243; _builder_version=\u00bb4.27.4&#8243; _module_preset=\u00bbdefault\u00bb global_colors_info=\u00bb{}\u00bb][et_pb_slider show_arrows=\u00bboff\u00bb module_class=\u00bbslideshow&#8211;cdj\u00bb _builder_version=\u00bb4.27.4&#8243; _module_preset=\u00bbdefault\u00bb background_color=\u00bbRGBA(255,255,255,0)\u00bb custom_margin=\u00bb||||false|false\u00bb custom_padding=\u00bb||||true|true\u00bb global_colors_info=\u00bb{}\u00bb][et_pb_slide heading=\u00bb959 Ib\u00e9rico\u00bb button_text=\u00bbVer marca\u00bb button_link=\u00bb@ET-DC@eyJkeW5hbWljIjp0cnVlLCJjb250ZW50IjoicG9zdF9saW5rX3VybF9wYWdlIiwic2V0dGluZ3MiOnsicG9zdF9pZCI6IjEwNyJ9fQ==@\u00bb image=\u00bbhttps:\/\/consorciodejabugo.com\/wp-content\/uploads\/2025\/08\/959.jpg\u00bb _builder_version=\u00bb4.27.4&#8243; _dynamic_attributes=\u00bbbutton_link\u00bb _module_preset=\u00bbdefault\u00bb global_colors_info=\u00bb{}\u00bb sticky_transition=\u00bbon\u00bb]<\/p>\n<p><img decoding=\"async\" src=\"https:\/\/consorciodejabugo.com\/wp-content\/uploads\/2025\/08\/959_logo.jpg\" width=\"262\" height=\"127\" alt=\"\" class=\"wp-image-13 alignnone size-full\"><\/p>\n<p>\u00abLa conjunci\u00f3n perfecta entre la raza del cerdo y su alimentaci\u00f3n a base de bellotas.\u00bb<\/p>\n<p>[\/et_pb_slide][et_pb_slide heading=\u00bbCapa Negra\u00bb button_text=\u00bbVer marca\u00bb button_link=\u00bb@ET-DC@eyJkeW5hbWljIjp0cnVlLCJjb250ZW50IjoicG9zdF9saW5rX3VybF9wYWdlIiwic2V0dGluZ3MiOnsicG9zdF9pZCI6IjEwOSJ9fQ==@\u00bb image=\u00bbhttps:\/\/consorciodejabugo.com\/wp-content\/uploads\/2025\/08\/capa-negra.jpg\u00bb _builder_version=\u00bb4.27.4&#8243; _dynamic_attributes=\u00bbbutton_link\u00bb _module_preset=\u00bbdefault\u00bb global_colors_info=\u00bb{}\u00bb sticky_transition=\u00bbon\u00bb]<\/p>\n<p><img decoding=\"async\" src=\"https:\/\/consorciodejabugo.com\/wp-content\/uploads\/2025\/08\/capa-negra-logo.jpg\" width=\"130\" height=\"130\" alt=\"\" class=\"wp-image-17 alignnone size-full\"><\/p>\n<p>\u00abLa nobleza de sus productos encierra infinidad de sorpresas y sensaciones incre\u00edbles.\u00bb<\/p>\n<p>[\/et_pb_slide][\/et_pb_slider][\/et_pb_column][\/et_pb_row][\/et_pb_section]<\/p>\n","protected":false},"excerpt":{"rendered":"<p>Nombre Propio Consorcio de Jabugo, Origen del Ib\u00e9ricoLe presentamos a un animal \u00fanico en el mundo, una raza aut\u00e9ntica criada en un entorno id\u00edlico. Su alimentaci\u00f3n basada en bellotas y las privilegiadas condiciones de las dehesas le otorgan unas caracter\u00edsticas muy especiales. La Dehesa La Raza Alimentaci\u00f3n Despiece Jabugo Tradici\u00f3n y RitualEn este enclave m\u00e1gico, [&hellip;]<\/p>\n","protected":false},"author":1,"featured_media":0,"parent":0,"menu_order":101,"comment_status":"closed","ping_status":"closed","template":"","meta":{"_acf_changed":false,"_et_pb_use_builder":"on","_et_pb_old_content":"<!-- wp:divi\/placeholder \/-->","_et_gb_content_width":"","footnotes":""},"class_list":["post-22","page","type-page","status-publish","hentry"],"acf":[],"_links":{"self":[{"href":"https:\/\/consorciodejabugo.com\/index.php\/wp-json\/wp\/v2\/pages\/22","targetHints":{"allow":["GET"]}}],"collection":[{"href":"https:\/\/consorciodejabugo.com\/index.php\/wp-json\/wp\/v2\/pages"}],"about":[{"href":"https:\/\/consorciodejabugo.com\/index.php\/wp-json\/wp\/v2\/types\/page"}],"author":[{"embeddable":true,"href":"https:\/\/consorciodejabugo.com\/index.php\/wp-json\/wp\/v2\/users\/1"}],"replies":[{"embeddable":true,"href":"https:\/\/consorciodejabugo.com\/index.php\/wp-json\/wp\/v2\/comments?post=22"}],"version-history":[{"count":1,"href":"https:\/\/consorciodejabugo.com\/index.php\/wp-json\/wp\/v2\/pages\/22\/revisions"}],"predecessor-version":[{"id":686,"href":"https:\/\/consorciodejabugo.com\/index.php\/wp-json\/wp\/v2\/pages\/22\/revisions\/686"}],"wp:attachment":[{"href":"https:\/\/consorciodejabugo.com\/index.php\/wp-json\/wp\/v2\/media?parent=22"}],"curies":[{"name":"wp","href":"https:\/\/api.w.org\/{rel}","templated":true}]}}