{"id":123,"date":"2025-08-13T10:05:02","date_gmt":"2025-08-13T10:05:02","guid":{"rendered":"https:\/\/demos.agenciaeiduo.com\/consorciodejabugo\/?page_id=123"},"modified":"2025-08-14T07:01:02","modified_gmt":"2025-08-14T07:01:02","slug":"alimentacion","status":"publish","type":"page","link":"https:\/\/consorciodejabugo.com\/index.php\/cerdo\/alimentacion\/","title":{"rendered":"Alimentaci\u00f3n"},"content":{"rendered":"\n<h2 class=\"wp-block-heading title h1 font-secondary text-color-medium\">Men\u00fa principal<\/h2>\n\n\n\n<div class=\"wp-block-columns is-layout-flex wp-container-core-columns-is-layout-9d6595d7 wp-block-columns-is-layout-flex\">\n<div class=\"wp-block-column is-layout-flow wp-block-column-is-layout-flow\">\n<p>Muchos factores influyen en el resultado final de un buen ib\u00e9rico puro. Cada uno de nuestros cerdos ha sido mimado desde su nacimiento. Tras la \u00e9poca de recr\u00eda, alimentamos a nuestros ejemplares hasta que alcanzan el peso adecuado.<\/p>\n<\/div>\n\n\n\n<div class=\"wp-block-column is-layout-flow wp-block-column-is-layout-flow\">\n<p>El ejercicio al aire libre de la sierra hace el resto aportando a sus carnes un equilibrio perfecto.<\/p>\n\n\n\n<p>La dieta de montanera (hierba y bellota) proporciona a los productos de Cerdo Ib\u00e9rico un sabor y un aroma \u00fanicos que les diferencia de cualquier otro producto curado.<\/p>\n<\/div>\n<\/div>\n\n\n\n<div style=\"height:36px\" aria-hidden=\"true\" class=\"wp-block-spacer\"><\/div>\n\n\n\n<figure class=\"wp-block-gallery has-nested-images columns-1 is-cropped slideshow--images wp-block-gallery-1 is-layout-flex wp-block-gallery-is-layout-flex\">\n<figure class=\"wp-block-image size-large\"><img decoding=\"async\" width=\"982\" height=\"526\" data-id=\"386\" src=\"https:\/\/consorciodejabugo.com\/wp-content\/uploads\/2025\/08\/alimentacion_slider1.jpg\" alt=\"\" class=\"wp-image-386\" srcset=\"https:\/\/consorciodejabugo.com\/wp-content\/uploads\/2025\/08\/alimentacion_slider1.jpg 982w, https:\/\/consorciodejabugo.com\/wp-content\/uploads\/2025\/08\/alimentacion_slider1-980x525.jpg 980w, https:\/\/consorciodejabugo.com\/wp-content\/uploads\/2025\/08\/alimentacion_slider1-480x257.jpg 480w\" sizes=\"(min-width: 0px) and (max-width: 480px) 480px, (min-width: 481px) and (max-width: 980px) 980px, (min-width: 981px) 982px, 100vw\" \/><\/figure>\n\n\n\n<figure class=\"wp-block-image size-large\"><img decoding=\"async\" width=\"982\" height=\"526\" data-id=\"387\" src=\"https:\/\/consorciodejabugo.com\/wp-content\/uploads\/2025\/08\/alimentacion_slider2.jpg\" alt=\"\" class=\"wp-image-387\" srcset=\"https:\/\/consorciodejabugo.com\/wp-content\/uploads\/2025\/08\/alimentacion_slider2.jpg 982w, https:\/\/consorciodejabugo.com\/wp-content\/uploads\/2025\/08\/alimentacion_slider2-980x525.jpg 980w, https:\/\/consorciodejabugo.com\/wp-content\/uploads\/2025\/08\/alimentacion_slider2-480x257.jpg 480w\" sizes=\"(min-width: 0px) and (max-width: 480px) 480px, (min-width: 481px) and (max-width: 980px) 980px, (min-width: 981px) 982px, 100vw\" \/><\/figure>\n\n\n\n<figure class=\"wp-block-image size-large\"><img decoding=\"async\" width=\"982\" height=\"526\" data-id=\"388\" src=\"https:\/\/consorciodejabugo.com\/wp-content\/uploads\/2025\/08\/alimentacion_slider3.jpg\" alt=\"\" class=\"wp-image-388\" srcset=\"https:\/\/consorciodejabugo.com\/wp-content\/uploads\/2025\/08\/alimentacion_slider3.jpg 982w, https:\/\/consorciodejabugo.com\/wp-content\/uploads\/2025\/08\/alimentacion_slider3-980x525.jpg 980w, https:\/\/consorciodejabugo.com\/wp-content\/uploads\/2025\/08\/alimentacion_slider3-480x257.jpg 480w\" sizes=\"(min-width: 0px) and (max-width: 480px) 480px, (min-width: 481px) and (max-width: 980px) 980px, (min-width: 981px) 982px, 100vw\" \/><\/figure>\n<\/figure>\n","protected":false},"excerpt":{"rendered":"<p>Men\u00fa principal Muchos factores influyen en el resultado final de un buen ib\u00e9rico puro. Cada uno de nuestros cerdos ha sido mimado desde su nacimiento. Tras la \u00e9poca de recr\u00eda, alimentamos a nuestros ejemplares hasta que alcanzan el peso adecuado. El ejercicio al aire libre de la sierra hace el resto aportando a sus carnes [&hellip;]<\/p>\n","protected":false},"author":1,"featured_media":508,"parent":27,"menu_order":0,"comment_status":"closed","ping_status":"closed","template":"","meta":{"_acf_changed":false,"_et_pb_use_builder":"off","_et_pb_old_content":"<!-- wp:heading {\"className\":\"title h1 font-secondary text-color-medium\"} -->\n<h2 class=\"wp-block-heading title h1 font-secondary text-color-medium\">Men\u00fa principal<\/h2>\n<!-- \/wp:heading -->\n\n<!-- wp:columns -->\n<div class=\"wp-block-columns\"><!-- wp:column -->\n<div class=\"wp-block-column\"><!-- wp:paragraph -->\n<p>Muchos factores influyen en el resultado final de un buen ib\u00e9rico puro. Cada uno de nuestros cerdos ha sido mimado desde su nacimiento. Tras la \u00e9poca de recr\u00eda, alimentamos a nuestros ejemplares hasta que alcanzan el peso adecuado.<\/p>\n<!-- \/wp:paragraph --><\/div>\n<!-- \/wp:column -->\n\n<!-- wp:column -->\n<div class=\"wp-block-column\"><!-- wp:paragraph -->\n<p>El ejercicio al aire libre de la sierra hace el resto aportando a sus carnes un equilibrio perfecto.<\/p>\n<!-- \/wp:paragraph -->\n\n<!-- wp:paragraph -->\n<p>La dieta de montanera (hierba y bellota) proporciona a los productos de Cerdo Ib\u00e9rico un sabor y un aroma \u00fanicos que les diferencia de cualquier otro producto curado.<\/p>\n<!-- \/wp:paragraph --><\/div>\n<!-- \/wp:column --><\/div>\n<!-- \/wp:columns -->\n\n<!-- wp:spacer {\"height\":\"36px\"} -->\n<div style=\"height:36px\" aria-hidden=\"true\" class=\"wp-block-spacer\"><\/div>\n<!-- \/wp:spacer -->\n\n<!-- wp:gallery {\"columns\":1,\"linkTo\":\"none\",\"className\":\"slideshowu002du002dimages\"} -->\n<figure class=\"wp-block-gallery has-nested-images columns-1 is-cropped slideshow--images\"><!-- wp:image {\"id\":386,\"sizeSlug\":\"large\",\"linkDestination\":\"none\"} -->\n<figure class=\"wp-block-image size-large\"><img src=\"https:\/\/consorciodejabugo.com\/wp-content\/uploads\/2025\/08\/alimentacion_slider1.jpg\" alt=\"\" class=\"wp-image-386\"\/><\/figure>\n<!-- \/wp:image -->\n\n<!-- wp:image {\"id\":387,\"sizeSlug\":\"large\",\"linkDestination\":\"none\"} -->\n<figure class=\"wp-block-image size-large\"><img src=\"https:\/\/consorciodejabugo.com\/wp-content\/uploads\/2025\/08\/alimentacion_slider2.jpg\" alt=\"\" class=\"wp-image-387\"\/><\/figure>\n<!-- \/wp:image -->\n\n<!-- wp:image {\"id\":388,\"sizeSlug\":\"large\",\"linkDestination\":\"none\"} -->\n<figure class=\"wp-block-image size-large\"><img src=\"https:\/\/consorciodejabugo.com\/wp-content\/uploads\/2025\/08\/alimentacion_slider3.jpg\" alt=\"\" class=\"wp-image-388\"\/><\/figure>\n<!-- \/wp:image --><\/figure>\n<!-- \/wp:gallery -->","_et_gb_content_width":"1080","footnotes":""},"class_list":["post-123","page","type-page","status-publish","has-post-thumbnail","hentry"],"acf":[],"_links":{"self":[{"href":"https:\/\/consorciodejabugo.com\/index.php\/wp-json\/wp\/v2\/pages\/123","targetHints":{"allow":["GET"]}}],"collection":[{"href":"https:\/\/consorciodejabugo.com\/index.php\/wp-json\/wp\/v2\/pages"}],"about":[{"href":"https:\/\/consorciodejabugo.com\/index.php\/wp-json\/wp\/v2\/types\/page"}],"author":[{"embeddable":true,"href":"https:\/\/consorciodejabugo.com\/index.php\/wp-json\/wp\/v2\/users\/1"}],"replies":[{"embeddable":true,"href":"https:\/\/consorciodejabugo.com\/index.php\/wp-json\/wp\/v2\/comments?post=123"}],"version-history":[{"count":0,"href":"https:\/\/consorciodejabugo.com\/index.php\/wp-json\/wp\/v2\/pages\/123\/revisions"}],"up":[{"embeddable":true,"href":"https:\/\/consorciodejabugo.com\/index.php\/wp-json\/wp\/v2\/pages\/27"}],"wp:featuredmedia":[{"embeddable":true,"href":"https:\/\/consorciodejabugo.com\/index.php\/wp-json\/wp\/v2\/media\/508"}],"wp:attachment":[{"href":"https:\/\/consorciodejabugo.com\/index.php\/wp-json\/wp\/v2\/media?parent=123"}],"curies":[{"name":"wp","href":"https:\/\/api.w.org\/{rel}","templated":true}]}}