{"id":121,"date":"2025-08-13T10:04:49","date_gmt":"2025-08-13T10:04:49","guid":{"rendered":"https:\/\/demos.agenciaeiduo.com\/consorciodejabugo\/?page_id=121"},"modified":"2025-08-13T14:50:39","modified_gmt":"2025-08-13T14:50:39","slug":"la-raza","status":"publish","type":"page","link":"https:\/\/consorciodejabugo.com\/index.php\/cerdo\/la-raza\/","title":{"rendered":"La Raza"},"content":{"rendered":"\n<h2 class=\"wp-block-heading h1 title font-secondary text-color-medium\">Inimitable<\/h2>\n\n\n\n<div style=\"height:36px\" aria-hidden=\"true\" class=\"wp-block-spacer\"><\/div>\n\n\n\n<div class=\"wp-block-columns is-layout-flex wp-container-core-columns-is-layout-9d6595d7 wp-block-columns-is-layout-flex\">\n<div class=\"wp-block-column is-layout-flow wp-block-column-is-layout-flow\">\n<p>Lo distinguir\u00e1 de otras especies por su pelaje escaso, oscuro o retinto, sus patas de ca\u00f1a fina y pezu\u00f1a generalmente negra, su hocico alargado y sus orejas ca\u00eddas.<\/p>\n<\/div>\n\n\n\n<div class=\"wp-block-column is-layout-flow wp-block-column-is-layout-flow\">\n<p>Pero lo que realmente lo diferencia es una caracter\u00edstica fisiol\u00f3gica \u00fanica. Sus m\u00fasculos se dejan entreverar por \u00abvetas de grasa\u00bb que les proporcionan su exquisito sabor y textura.<\/p>\n<\/div>\n<\/div>\n\n\n\n<div style=\"height:36px\" aria-hidden=\"true\" class=\"wp-block-spacer\"><\/div>\n\n\n\n<figure class=\"wp-block-gallery has-nested-images columns-1 is-cropped slideshow--images wp-block-gallery-1 is-layout-flex wp-block-gallery-is-layout-flex\">\n<figure class=\"wp-block-image size-full\"><img decoding=\"async\" width=\"982\" height=\"526\" data-id=\"363\" src=\"https:\/\/consorciodejabugo.com\/wp-content\/uploads\/2025\/08\/raza_slider1-1.jpg\" alt=\"\" class=\"wp-image-363\" srcset=\"https:\/\/consorciodejabugo.com\/wp-content\/uploads\/2025\/08\/raza_slider1-1.jpg 982w, https:\/\/consorciodejabugo.com\/wp-content\/uploads\/2025\/08\/raza_slider1-1-980x525.jpg 980w, https:\/\/consorciodejabugo.com\/wp-content\/uploads\/2025\/08\/raza_slider1-1-480x257.jpg 480w\" sizes=\"(min-width: 0px) and (max-width: 480px) 480px, (min-width: 481px) and (max-width: 980px) 980px, (min-width: 981px) 982px, 100vw\" \/><\/figure>\n\n\n\n<figure class=\"wp-block-image size-full\"><img decoding=\"async\" width=\"982\" height=\"526\" data-id=\"362\" src=\"https:\/\/consorciodejabugo.com\/wp-content\/uploads\/2025\/08\/raza_slider2-1.jpg\" alt=\"\" class=\"wp-image-362\" srcset=\"https:\/\/consorciodejabugo.com\/wp-content\/uploads\/2025\/08\/raza_slider2-1.jpg 982w, https:\/\/consorciodejabugo.com\/wp-content\/uploads\/2025\/08\/raza_slider2-1-980x525.jpg 980w, https:\/\/consorciodejabugo.com\/wp-content\/uploads\/2025\/08\/raza_slider2-1-480x257.jpg 480w\" sizes=\"(min-width: 0px) and (max-width: 480px) 480px, (min-width: 481px) and (max-width: 980px) 980px, (min-width: 981px) 982px, 100vw\" \/><\/figure>\n\n\n\n<figure class=\"wp-block-image size-full\"><img decoding=\"async\" width=\"982\" height=\"526\" data-id=\"364\" src=\"https:\/\/consorciodejabugo.com\/wp-content\/uploads\/2025\/08\/raza_slider3-1.jpg\" alt=\"\" class=\"wp-image-364\" srcset=\"https:\/\/consorciodejabugo.com\/wp-content\/uploads\/2025\/08\/raza_slider3-1.jpg 982w, https:\/\/consorciodejabugo.com\/wp-content\/uploads\/2025\/08\/raza_slider3-1-980x525.jpg 980w, https:\/\/consorciodejabugo.com\/wp-content\/uploads\/2025\/08\/raza_slider3-1-480x257.jpg 480w\" sizes=\"(min-width: 0px) and (max-width: 480px) 480px, (min-width: 481px) and (max-width: 980px) 980px, (min-width: 981px) 982px, 100vw\" \/><\/figure>\n<\/figure>\n","protected":false},"excerpt":{"rendered":"<p>Inimitable Lo distinguir\u00e1 de otras especies por su pelaje escaso, oscuro o retinto, sus patas de ca\u00f1a fina y pezu\u00f1a generalmente negra, su hocico alargado y sus orejas ca\u00eddas. Pero lo que realmente lo diferencia es una caracter\u00edstica fisiol\u00f3gica \u00fanica. Sus m\u00fasculos se dejan entreverar por \u00abvetas de grasa\u00bb que les proporcionan su exquisito sabor [&hellip;]<\/p>\n","protected":false},"author":1,"featured_media":353,"parent":27,"menu_order":0,"comment_status":"closed","ping_status":"closed","template":"","meta":{"_acf_changed":false,"_et_pb_use_builder":"off","_et_pb_old_content":"","_et_gb_content_width":"","footnotes":""},"class_list":["post-121","page","type-page","status-publish","has-post-thumbnail","hentry"],"acf":[],"_links":{"self":[{"href":"https:\/\/consorciodejabugo.com\/index.php\/wp-json\/wp\/v2\/pages\/121","targetHints":{"allow":["GET"]}}],"collection":[{"href":"https:\/\/consorciodejabugo.com\/index.php\/wp-json\/wp\/v2\/pages"}],"about":[{"href":"https:\/\/consorciodejabugo.com\/index.php\/wp-json\/wp\/v2\/types\/page"}],"author":[{"embeddable":true,"href":"https:\/\/consorciodejabugo.com\/index.php\/wp-json\/wp\/v2\/users\/1"}],"replies":[{"embeddable":true,"href":"https:\/\/consorciodejabugo.com\/index.php\/wp-json\/wp\/v2\/comments?post=121"}],"version-history":[{"count":0,"href":"https:\/\/consorciodejabugo.com\/index.php\/wp-json\/wp\/v2\/pages\/121\/revisions"}],"up":[{"embeddable":true,"href":"https:\/\/consorciodejabugo.com\/index.php\/wp-json\/wp\/v2\/pages\/27"}],"wp:featuredmedia":[{"embeddable":true,"href":"https:\/\/consorciodejabugo.com\/index.php\/wp-json\/wp\/v2\/media\/353"}],"wp:attachment":[{"href":"https:\/\/consorciodejabugo.com\/index.php\/wp-json\/wp\/v2\/media?parent=121"}],"curies":[{"name":"wp","href":"https:\/\/api.w.org\/{rel}","templated":true}]}}