{"id":119,"date":"2025-08-13T10:04:35","date_gmt":"2025-08-13T10:04:35","guid":{"rendered":"https:\/\/demos.agenciaeiduo.com\/consorciodejabugo\/?page_id=119"},"modified":"2025-08-13T14:49:53","modified_gmt":"2025-08-13T14:49:53","slug":"la-dehesa","status":"publish","type":"page","link":"https:\/\/consorciodejabugo.com\/index.php\/cerdo\/la-dehesa\/","title":{"rendered":"La Dehesa"},"content":{"rendered":"\n<div class=\"wp-block-columns is-layout-flex wp-container-core-columns-is-layout-9d6595d7 wp-block-columns-is-layout-flex\">\n<div class=\"wp-block-column is-layout-flow wp-block-column-is-layout-flow\">\n<h2 class=\"wp-block-heading title h1 font-secondary text-color-medium\">Entorno natural<\/h2>\n<\/div>\n<\/div>\n\n\n\n<div class=\"wp-block-columns is-layout-flex wp-container-core-columns-is-layout-9d6595d7 wp-block-columns-is-layout-flex\">\n<div class=\"wp-block-column is-layout-flow wp-block-column-is-layout-flow\" style=\"flex-basis:33.33%\">\n<p>El Cerdo Ib\u00e9rico nace y crece en un entorno natural id\u00edlico, la dehesa, un ecosistema mediterr\u00e1neo de creaci\u00f3n humana formado por extensos bosques abiertos de encinar y alcornoques.<\/p>\n\n\n\n<p>La fase de engorde en las dehesas es de octubre a marzo. Este periodo se conoce como \u201cmontanera\u201d. Durante ese tiempo, el cerdo se nutre exclusivamente de bellotas y pastos, recibiendo una alimentaci\u00f3n rica en gl\u00facidos y grasas saludables, siendo mayoritario el \u00e1cido oleico, tan beneficioso para la salud.<\/p>\n\n\n\n<p>La \u00f3ptima alimentaci\u00f3n y el continuo ejercicio del cerdo en la libertad de las dehesas contribuyen de forma decisiva a la formaci\u00f3n de sus m\u00fasculos, con la proporci\u00f3n perfecta entre carne y grasa necesaria para formar el veteado \u00fanico caracter\u00edstico que distingue la calidad organol\u00e9ptica de su carne.<\/p>\n<\/div>\n\n\n\n<div class=\"wp-block-column is-layout-flow wp-block-column-is-layout-flow\">\n<figure class=\"wp-block-gallery has-nested-images columns-1 wp-block-gallery-1 is-layout-flex wp-block-gallery-is-layout-flex\">\n<figure class=\"wp-block-image size-full\"><img decoding=\"async\" width=\"338\" height=\"184\" data-id=\"341\" src=\"https:\/\/consorciodejabugo.com\/wp-content\/uploads\/2025\/08\/dehesa2.jpg\" alt=\"\" class=\"wp-image-341\" srcset=\"https:\/\/consorciodejabugo.com\/wp-content\/uploads\/2025\/08\/dehesa2.jpg 338w, https:\/\/consorciodejabugo.com\/wp-content\/uploads\/2025\/08\/dehesa2-300x163.jpg 300w\" sizes=\"(max-width: 338px) 100vw, 338px\" \/><\/figure>\n<\/figure>\n\n\n\n<figure class=\"wp-block-image size-full\"><img decoding=\"async\" width=\"338\" height=\"182\" src=\"https:\/\/consorciodejabugo.com\/wp-content\/uploads\/2025\/08\/dehesa3.jpg\" alt=\"\" class=\"wp-image-342\" srcset=\"https:\/\/consorciodejabugo.com\/wp-content\/uploads\/2025\/08\/dehesa3.jpg 338w, https:\/\/consorciodejabugo.com\/wp-content\/uploads\/2025\/08\/dehesa3-300x162.jpg 300w\" sizes=\"(max-width: 338px) 100vw, 338px\" \/><\/figure>\n<\/div>\n\n\n\n<div class=\"wp-block-column is-layout-flow wp-block-column-is-layout-flow\">\n<figure class=\"wp-block-gallery has-nested-images columns-default is-cropped wp-block-gallery-2 is-layout-flex wp-block-gallery-is-layout-flex\">\n<figure class=\"wp-block-image size-full\"><img decoding=\"async\" width=\"256\" height=\"385\" data-id=\"340\" src=\"https:\/\/consorciodejabugo.com\/wp-content\/uploads\/2025\/08\/dehesa1.jpg\" alt=\"\" class=\"wp-image-340\" srcset=\"https:\/\/consorciodejabugo.com\/wp-content\/uploads\/2025\/08\/dehesa1.jpg 256w, https:\/\/consorciodejabugo.com\/wp-content\/uploads\/2025\/08\/dehesa1-199x300.jpg 199w\" sizes=\"(max-width: 256px) 100vw, 256px\" \/><\/figure>\n<\/figure>\n<\/div>\n<\/div>\n\n\n\n<div class=\"wp-block-columns is-layout-flex wp-container-core-columns-is-layout-9d6595d7 wp-block-columns-is-layout-flex\">\n<div class=\"wp-block-column is-layout-flow wp-block-column-is-layout-flow\">\n<div style=\"height:100px\" aria-hidden=\"true\" class=\"wp-block-spacer\"><\/div>\n\n\n\n<h2 class=\"wp-block-heading has-text-align-center title h1 font-secondary text-color-medium\">La Dehesa y el Cerdo Ib\u00e9rico<\/h2>\n\n\n\n<div class=\"linea\"><\/div>\n\n\n\n<div style=\"height:36px\" aria-hidden=\"true\" class=\"wp-block-spacer\"><\/div>\n\n\n\n<figure class=\"wp-block-embed is-provider-youtube wp-block-embed-youtube wp-embed-aspect-4-3 wp-has-aspect-ratio\"><div class=\"wp-block-embed__wrapper\">\n<iframe title=\"Consorcio de Jabugo\" width=\"1080\" height=\"810\" src=\"https:\/\/www.youtube.com\/embed\/je57_EkKJQo?feature=oembed\"  allow=\"accelerometer; autoplay; clipboard-write; encrypted-media; gyroscope; picture-in-picture; web-share\" referrerpolicy=\"strict-origin-when-cross-origin\" allowfullscreen><\/iframe>\n<\/div><\/figure>\n<\/div>\n<\/div>\n","protected":false},"excerpt":{"rendered":"<p>Entorno natural El Cerdo Ib\u00e9rico nace y crece en un entorno natural id\u00edlico, la dehesa, un ecosistema mediterr\u00e1neo de creaci\u00f3n humana formado por extensos bosques abiertos de encinar y alcornoques. La fase de engorde en las dehesas es de octubre a marzo. Este periodo se conoce como \u201cmontanera\u201d. Durante ese tiempo, el cerdo se nutre [&hellip;]<\/p>\n","protected":false},"author":1,"featured_media":282,"parent":27,"menu_order":0,"comment_status":"closed","ping_status":"closed","template":"","meta":{"_acf_changed":false,"_et_pb_use_builder":"off","_et_pb_old_content":"","_et_gb_content_width":"","footnotes":""},"class_list":["post-119","page","type-page","status-publish","has-post-thumbnail","hentry"],"acf":[],"_links":{"self":[{"href":"https:\/\/consorciodejabugo.com\/index.php\/wp-json\/wp\/v2\/pages\/119","targetHints":{"allow":["GET"]}}],"collection":[{"href":"https:\/\/consorciodejabugo.com\/index.php\/wp-json\/wp\/v2\/pages"}],"about":[{"href":"https:\/\/consorciodejabugo.com\/index.php\/wp-json\/wp\/v2\/types\/page"}],"author":[{"embeddable":true,"href":"https:\/\/consorciodejabugo.com\/index.php\/wp-json\/wp\/v2\/users\/1"}],"replies":[{"embeddable":true,"href":"https:\/\/consorciodejabugo.com\/index.php\/wp-json\/wp\/v2\/comments?post=119"}],"version-history":[{"count":0,"href":"https:\/\/consorciodejabugo.com\/index.php\/wp-json\/wp\/v2\/pages\/119\/revisions"}],"up":[{"embeddable":true,"href":"https:\/\/consorciodejabugo.com\/index.php\/wp-json\/wp\/v2\/pages\/27"}],"wp:featuredmedia":[{"embeddable":true,"href":"https:\/\/consorciodejabugo.com\/index.php\/wp-json\/wp\/v2\/media\/282"}],"wp:attachment":[{"href":"https:\/\/consorciodejabugo.com\/index.php\/wp-json\/wp\/v2\/media?parent=119"}],"curies":[{"name":"wp","href":"https:\/\/api.w.org\/{rel}","templated":true}]}}