{"id":117,"date":"2025-08-13T10:03:58","date_gmt":"2025-08-13T10:03:58","guid":{"rendered":"https:\/\/demos.agenciaeiduo.com\/consorciodejabugo\/?page_id=117"},"modified":"2025-08-14T10:07:07","modified_gmt":"2025-08-14T10:07:07","slug":"sobre-nosotros","status":"publish","type":"page","link":"https:\/\/consorciodejabugo.com\/index.php\/empresa\/sobre-nosotros\/","title":{"rendered":"Sobre Nosotros"},"content":{"rendered":"\n<h2 class=\"wp-block-heading has-text-align-center h1 title font-secondary text-color-medium\">Y nuestro<br>mundo<\/h2>\n\n\n\n<div class=\"wp-block-columns is-layout-flex wp-container-core-columns-is-layout-9d6595d7 wp-block-columns-is-layout-flex\">\n<div class=\"wp-block-column is-layout-flow wp-block-column-is-layout-flow\" style=\"flex-basis:100%\">\n<p class=\"has-text-align-center\"><\/p>\n\n\n\n<div style=\"height:36px\" aria-hidden=\"true\" class=\"wp-block-spacer\"><\/div>\n<\/div>\n<\/div>\n\n\n\n<div class=\"wp-block-columns is-layout-flex wp-container-core-columns-is-layout-9d6595d7 wp-block-columns-is-layout-flex\">\n<div class=\"wp-block-column is-layout-flow wp-block-column-is-layout-flow\" style=\"flex-basis:50%\">\n<p class=\"has-text-align-left\">Consorcio de Jabugo elabora dos marcas principales de&nbsp;<strong>productos de Cerdo Ib\u00e9rico<\/strong>, que comparten&nbsp;<strong>sinergias en la comercializaci\u00f3n y distribuci\u00f3n y en el posicionamiento<\/strong>&nbsp;como referencias de calidad en el sector de alimentaci\u00f3n.<\/p>\n\n\n\n<p class=\"has-text-align-left\">Su ubicaci\u00f3n, hace de sus secaderos y bodegas el&nbsp;<strong>enclave ideal para la curaci\u00f3n de los productos<\/strong>&nbsp;en las condiciones naturales y artesanales que le aportan su car\u00e1cter \u00fanico.<\/p>\n<\/div>\n\n\n\n<div class=\"wp-block-column is-layout-flow wp-block-column-is-layout-flow\" style=\"flex-basis:50%\">\n<p>Junto a los productos curados, jamones, paletas y embutidos, sus carnes de Cerdo Ib\u00e9rico son cada vez m\u00e1s demandadas. Desde sus instalaciones&nbsp;<strong>se sirven tanto frescas como envasadas, al vac\u00edo o congeladas, para el mercado nacional y el internacional<\/strong>.<\/p>\n\n\n\n<p>Su presencia internacional ha convertido a Consorcio de Jabugo en la principal embajadora del ib\u00e9rico en el mundo.<\/p>\n<\/div>\n<\/div>\n\n\n\n<div style=\"height:36px\" aria-hidden=\"true\" class=\"wp-block-spacer\"><\/div>\n\n\n\n<div class=\"wp-block-columns is-layout-flex wp-container-core-columns-is-layout-9d6595d7 wp-block-columns-is-layout-flex\">\n<div class=\"wp-block-column is-layout-flow wp-block-column-is-layout-flow\"><\/div>\n<\/div>\n\n\n\n<figure class=\"wp-block-image size-full\"><img decoding=\"async\" width=\"990\" height=\"522\" src=\"https:\/\/consorciodejabugo.com\/wp-content\/uploads\/2025\/08\/dehesa.jpg\" alt=\"\" class=\"wp-image-186\" srcset=\"https:\/\/consorciodejabugo.com\/wp-content\/uploads\/2025\/08\/dehesa.jpg 990w, https:\/\/consorciodejabugo.com\/wp-content\/uploads\/2025\/08\/dehesa-980x517.jpg 980w, https:\/\/consorciodejabugo.com\/wp-content\/uploads\/2025\/08\/dehesa-480x253.jpg 480w\" sizes=\"(min-width: 0px) and (max-width: 480px) 480px, (min-width: 481px) and (max-width: 980px) 980px, (min-width: 981px) 990px, 100vw\" \/><\/figure>\n","protected":false},"excerpt":{"rendered":"<p>Y nuestromundo Consorcio de Jabugo elabora dos marcas principales de&nbsp;productos de Cerdo Ib\u00e9rico, que comparten&nbsp;sinergias en la comercializaci\u00f3n y distribuci\u00f3n y en el posicionamiento&nbsp;como referencias de calidad en el sector de alimentaci\u00f3n. Su ubicaci\u00f3n, hace de sus secaderos y bodegas el&nbsp;enclave ideal para la curaci\u00f3n de los productos&nbsp;en las condiciones naturales y artesanales que le [&hellip;]<\/p>\n","protected":false},"author":1,"featured_media":0,"parent":25,"menu_order":0,"comment_status":"closed","ping_status":"closed","template":"","meta":{"_acf_changed":false,"_et_pb_use_builder":"off","_et_pb_old_content":"","_et_gb_content_width":"","footnotes":""},"class_list":["post-117","page","type-page","status-publish","hentry"],"acf":[],"_links":{"self":[{"href":"https:\/\/consorciodejabugo.com\/index.php\/wp-json\/wp\/v2\/pages\/117","targetHints":{"allow":["GET"]}}],"collection":[{"href":"https:\/\/consorciodejabugo.com\/index.php\/wp-json\/wp\/v2\/pages"}],"about":[{"href":"https:\/\/consorciodejabugo.com\/index.php\/wp-json\/wp\/v2\/types\/page"}],"author":[{"embeddable":true,"href":"https:\/\/consorciodejabugo.com\/index.php\/wp-json\/wp\/v2\/users\/1"}],"replies":[{"embeddable":true,"href":"https:\/\/consorciodejabugo.com\/index.php\/wp-json\/wp\/v2\/comments?post=117"}],"version-history":[{"count":0,"href":"https:\/\/consorciodejabugo.com\/index.php\/wp-json\/wp\/v2\/pages\/117\/revisions"}],"up":[{"embeddable":true,"href":"https:\/\/consorciodejabugo.com\/index.php\/wp-json\/wp\/v2\/pages\/25"}],"wp:attachment":[{"href":"https:\/\/consorciodejabugo.com\/index.php\/wp-json\/wp\/v2\/media?parent=117"}],"curies":[{"name":"wp","href":"https:\/\/api.w.org\/{rel}","templated":true}]}}