{"id":113,"date":"2025-08-13T10:03:12","date_gmt":"2025-08-13T10:03:12","guid":{"rendered":"https:\/\/demos.agenciaeiduo.com\/consorciodejabugo\/?page_id=113"},"modified":"2025-08-13T12:04:59","modified_gmt":"2025-08-13T12:04:59","slug":"maestros-jamoneros","status":"publish","type":"page","link":"https:\/\/consorciodejabugo.com\/index.php\/saber-hacer\/maestros-jamoneros\/","title":{"rendered":"Maestros jamoneros"},"content":{"rendered":"\n<h2 class=\"wp-block-heading has-text-align-center h1 title font-secondary text-color-medium\">La sabidur\u00eda<\/h2>\n\n\n\n<div class=\"wp-block-columns is-layout-flex wp-container-core-columns-is-layout-9d6595d7 wp-block-columns-is-layout-flex\">\n<div class=\"wp-block-column is-layout-flow wp-block-column-is-layout-flow\" style=\"flex-basis:100%\">\n<p class=\"has-text-align-center\"><\/p>\n\n\n\n<div style=\"height:36px\" aria-hidden=\"true\" class=\"wp-block-spacer\"><\/div>\n<\/div>\n<\/div>\n\n\n\n<div class=\"wp-block-columns is-layout-flex wp-container-core-columns-is-layout-9d6595d7 wp-block-columns-is-layout-flex\">\n<div class=\"wp-block-column is-layout-flow wp-block-column-is-layout-flow\" style=\"flex-basis:50%\">\n<p class=\"has-text-align-left\">Tras cada uno de nuestros jamones se esconde un valioso legado de tradici\u00f3n y respeto al Cerdo Ib\u00e9rico. Un verdadero patrimonio de dedicaci\u00f3n y b\u00fasqueda del perfeccionamiento que es transmitido<\/p>\n<\/div>\n\n\n\n<div class=\"wp-block-column is-layout-flow wp-block-column-is-layout-flow\" style=\"flex-basis:50%\">\n<p>de padres a hijos, como la mejor de las herencias. Nuestro Maestro Jamonero es el testimonio de la cultura del jam\u00f3n ib\u00e9rico difundida a trav\u00e9s de los tiempos.<\/p>\n<\/div>\n<\/div>\n\n\n\n<div style=\"height:36px\" aria-hidden=\"true\" class=\"wp-block-spacer\"><\/div>\n\n\n\n<figure class=\"wp-block-gallery has-nested-images columns-1 slideshow--images wp-block-gallery-1 is-layout-flex wp-block-gallery-is-layout-flex\">\n<figure class=\"wp-block-image size-full\"><img decoding=\"async\" width=\"982\" height=\"526\" data-id=\"234\" src=\"https:\/\/consorciodejabugo.com\/wp-content\/uploads\/2025\/08\/maestros_jamoneros_slider1.jpg\" alt=\"\" class=\"wp-image-234\" srcset=\"https:\/\/consorciodejabugo.com\/wp-content\/uploads\/2025\/08\/maestros_jamoneros_slider1.jpg 982w, https:\/\/consorciodejabugo.com\/wp-content\/uploads\/2025\/08\/maestros_jamoneros_slider1-980x525.jpg 980w, https:\/\/consorciodejabugo.com\/wp-content\/uploads\/2025\/08\/maestros_jamoneros_slider1-480x257.jpg 480w\" sizes=\"(min-width: 0px) and (max-width: 480px) 480px, (min-width: 481px) and (max-width: 980px) 980px, (min-width: 981px) 982px, 100vw\" \/><\/figure>\n\n\n\n<figure class=\"wp-block-image size-full\"><img decoding=\"async\" width=\"982\" height=\"526\" data-id=\"233\" src=\"https:\/\/consorciodejabugo.com\/wp-content\/uploads\/2025\/08\/maestros_jamoneros_slider2.jpg\" alt=\"\" class=\"wp-image-233\" srcset=\"https:\/\/consorciodejabugo.com\/wp-content\/uploads\/2025\/08\/maestros_jamoneros_slider2.jpg 982w, https:\/\/consorciodejabugo.com\/wp-content\/uploads\/2025\/08\/maestros_jamoneros_slider2-980x525.jpg 980w, https:\/\/consorciodejabugo.com\/wp-content\/uploads\/2025\/08\/maestros_jamoneros_slider2-480x257.jpg 480w\" sizes=\"(min-width: 0px) and (max-width: 480px) 480px, (min-width: 481px) and (max-width: 980px) 980px, (min-width: 981px) 982px, 100vw\" \/><\/figure>\n\n\n\n<figure class=\"wp-block-image size-full\"><img decoding=\"async\" width=\"982\" height=\"526\" data-id=\"235\" src=\"https:\/\/consorciodejabugo.com\/wp-content\/uploads\/2025\/08\/maestros_jamoneros_slider3.jpg\" alt=\"\" class=\"wp-image-235\" srcset=\"https:\/\/consorciodejabugo.com\/wp-content\/uploads\/2025\/08\/maestros_jamoneros_slider3.jpg 982w, https:\/\/consorciodejabugo.com\/wp-content\/uploads\/2025\/08\/maestros_jamoneros_slider3-980x525.jpg 980w, https:\/\/consorciodejabugo.com\/wp-content\/uploads\/2025\/08\/maestros_jamoneros_slider3-480x257.jpg 480w\" sizes=\"(min-width: 0px) and (max-width: 480px) 480px, (min-width: 481px) and (max-width: 980px) 980px, (min-width: 981px) 982px, 100vw\" \/><\/figure>\n<\/figure>\n","protected":false},"excerpt":{"rendered":"<p>La sabidur\u00eda Tras cada uno de nuestros jamones se esconde un valioso legado de tradici\u00f3n y respeto al Cerdo Ib\u00e9rico. Un verdadero patrimonio de dedicaci\u00f3n y b\u00fasqueda del perfeccionamiento que es transmitido de padres a hijos, como la mejor de las herencias. Nuestro Maestro Jamonero es el testimonio de la cultura del jam\u00f3n ib\u00e9rico difundida [&hellip;]<\/p>\n","protected":false},"author":1,"featured_media":0,"parent":31,"menu_order":0,"comment_status":"closed","ping_status":"closed","template":"","meta":{"_acf_changed":false,"_et_pb_use_builder":"off","_et_pb_old_content":"","_et_gb_content_width":"","footnotes":""},"class_list":["post-113","page","type-page","status-publish","hentry"],"acf":[],"_links":{"self":[{"href":"https:\/\/consorciodejabugo.com\/index.php\/wp-json\/wp\/v2\/pages\/113","targetHints":{"allow":["GET"]}}],"collection":[{"href":"https:\/\/consorciodejabugo.com\/index.php\/wp-json\/wp\/v2\/pages"}],"about":[{"href":"https:\/\/consorciodejabugo.com\/index.php\/wp-json\/wp\/v2\/types\/page"}],"author":[{"embeddable":true,"href":"https:\/\/consorciodejabugo.com\/index.php\/wp-json\/wp\/v2\/users\/1"}],"replies":[{"embeddable":true,"href":"https:\/\/consorciodejabugo.com\/index.php\/wp-json\/wp\/v2\/comments?post=113"}],"version-history":[{"count":0,"href":"https:\/\/consorciodejabugo.com\/index.php\/wp-json\/wp\/v2\/pages\/113\/revisions"}],"up":[{"embeddable":true,"href":"https:\/\/consorciodejabugo.com\/index.php\/wp-json\/wp\/v2\/pages\/31"}],"wp:attachment":[{"href":"https:\/\/consorciodejabugo.com\/index.php\/wp-json\/wp\/v2\/media?parent=113"}],"curies":[{"name":"wp","href":"https:\/\/api.w.org\/{rel}","templated":true}]}}