{"id":111,"date":"2025-08-13T10:02:46","date_gmt":"2025-08-13T10:02:46","guid":{"rendered":"https:\/\/demos.agenciaeiduo.com\/consorciodejabugo\/?page_id=111"},"modified":"2025-08-13T12:02:03","modified_gmt":"2025-08-13T12:02:03","slug":"tradicion-y-elaboracion","status":"publish","type":"page","link":"https:\/\/consorciodejabugo.com\/index.php\/saber-hacer\/tradicion-y-elaboracion\/","title":{"rendered":"Tradici\u00f3n y elaboraci\u00f3n"},"content":{"rendered":"\n<h2 class=\"wp-block-heading has-text-align-center h1 title font-secondary text-color-medium\">La premisa<br>de nuestra historia<\/h2>\n\n\n\n<div class=\"wp-block-columns is-layout-flex wp-container-core-columns-is-layout-9d6595d7 wp-block-columns-is-layout-flex\">\n<div class=\"wp-block-column is-layout-flow wp-block-column-is-layout-flow\" style=\"flex-basis:100%\">\n<p class=\"has-text-align-center\"><\/p>\n\n\n\n<div style=\"height:36px\" aria-hidden=\"true\" class=\"wp-block-spacer\"><\/div>\n<\/div>\n<\/div>\n\n\n\n<div class=\"wp-block-columns is-layout-flex wp-container-core-columns-is-layout-9d6595d7 wp-block-columns-is-layout-flex\">\n<div class=\"wp-block-column is-layout-flow wp-block-column-is-layout-flow\" style=\"flex-basis:50%\">\n<p class=\"has-text-align-left\">La apuesta por la dehesa y la montanera demuestra de manera fehaciente el compromiso de Consorcio de Jabugo con el desarrollo sostenible y con un modelo productivo basado en f\u00f3rmulas tradicionales de manejo del ganado que benefician un ecosistema muy amenazado, vulnerable e imprescindible para la obtenci\u00f3n de los productos de m\u00e1xima calidad.<\/p>\n<\/div>\n\n\n\n<div class=\"wp-block-column is-layout-flow wp-block-column-is-layout-flow\" style=\"flex-basis:50%\">\n<p>La elaboraci\u00f3n de los jamones, paletas y embutidos sigue el m\u00e9todo tradicional de la Sierra de Huelva: curaci\u00f3n en secaderos naturales donde la sabidur\u00eda del maestro artesano se aplica en todos los detalles.<\/p>\n<\/div>\n<\/div>\n\n\n\n<div style=\"height:36px\" aria-hidden=\"true\" class=\"wp-block-spacer\"><\/div>\n\n\n\n<div class=\"wp-block-columns is-layout-flex wp-container-core-columns-is-layout-9d6595d7 wp-block-columns-is-layout-flex\">\n<div class=\"wp-block-column is-layout-flow wp-block-column-is-layout-flow\">\n<h3 class=\"wp-block-heading title h1 font-secondary text-color-medium\">Elaboraci\u00f3n de jamones y paletas<\/h3>\n\n\n\n<div class=\"wp-block-columns is-layout-flex wp-container-core-columns-is-layout-9d6595d7 wp-block-columns-is-layout-flex\">\n<div class=\"wp-block-column is-layout-flow wp-block-column-is-layout-flow\">\n<p>Nuestros Maestros jamoneros cuidan y miman con esmero cada pieza de forma individualizada, asegurando un producto final de m\u00e1xima calidad. Este procedimiento artesano consta de cuatro fases:<\/p>\n\n\n\n<p><strong>Salaz\u00f3n:<\/strong>&nbsp;Los jamones y paletas se disponen en pilas, unos sobre otros, hasta un total de cuatro alturas, y se cubren completamente con sal marina de grano grueso y adecuadamente humedecida. El tiempo de permanencia de las piezas en las pilas est\u00e1 condicionado por el peso, calidad y conformaci\u00f3n de las mismas.<\/p>\n\n\n\n<p><strong>Asentamiento:<\/strong>&nbsp;Concluida la fase inicial de Salaz\u00f3n con el lavado, empieza el periodo de Asentamiento o Equilibrado salino, en el que la sal se distribuye por todo el jam\u00f3n y la paleta, desde el exterior hasta el interior de la pieza.<\/p>\n\n\n\n<p><strong>Curaci\u00f3n:<\/strong>&nbsp;Los jamones y paletas son colgados en secaderos naturales. En ellos empiezan a perder grasa sudando, literalmente \u201cchorreando\u201d. Para optimizar el secado, los Maestros Jamoneros grad\u00faan al modo tradicional la temperatura de la bodega como se hac\u00eda anta\u00f1o, abriendo y cerrando las ventanas.<\/p>\n\n\n\n<p><strong>Maduraci\u00f3n en bodega:<\/strong>&nbsp;Donde el tiempo se detiene y el ritmo se enlentece hasta completar la curaci\u00f3n, llegando a perder hasta el 35% de su peso inicial, al concluir su maduraci\u00f3n. En esta fase, el moho y la flora f\u00fangica de la superficie del jam\u00f3n contribuyen a su maduraci\u00f3n, afinando su aroma y bouquet caracter\u00edstico.<\/p>\n\n\n\n<p>Finalmente el c\u00f3mputo global de todo el proceso en el caso de los jamones pasar\u00eda por una media de entre 26 y 40 meses, y las paletas entre 18 y 32 meses dependiendo siempre del tama\u00f1o de las piezas.<\/p>\n<\/div>\n\n\n\n<div class=\"wp-block-column is-layout-flow wp-block-column-is-layout-flow\">\n<figure class=\"wp-block-gallery has-nested-images columns-1 slideshow--images wp-block-gallery-1 is-layout-flex wp-block-gallery-is-layout-flex\">\n<figure class=\"wp-block-image size-full\"><img decoding=\"async\" width=\"460\" height=\"300\" data-id=\"207\" src=\"https:\/\/consorciodejabugo.com\/wp-content\/uploads\/2025\/08\/tradicion_elaboracion_salazon1.jpg\" alt=\"\" class=\"wp-image-207\" srcset=\"https:\/\/consorciodejabugo.com\/wp-content\/uploads\/2025\/08\/tradicion_elaboracion_salazon1.jpg 460w, https:\/\/consorciodejabugo.com\/wp-content\/uploads\/2025\/08\/tradicion_elaboracion_salazon1-300x196.jpg 300w\" sizes=\"(max-width: 460px) 100vw, 460px\" \/><\/figure>\n\n\n\n<figure class=\"wp-block-image size-full\"><img decoding=\"async\" width=\"460\" height=\"300\" data-id=\"206\" src=\"https:\/\/consorciodejabugo.com\/wp-content\/uploads\/2025\/08\/tradicion_elaboracion_salazon2.jpg\" alt=\"\" class=\"wp-image-206\" srcset=\"https:\/\/consorciodejabugo.com\/wp-content\/uploads\/2025\/08\/tradicion_elaboracion_salazon2.jpg 460w, https:\/\/consorciodejabugo.com\/wp-content\/uploads\/2025\/08\/tradicion_elaboracion_salazon2-300x196.jpg 300w\" sizes=\"(max-width: 460px) 100vw, 460px\" \/><\/figure>\n<\/figure>\n\n\n\n<div style=\"height:16px\" aria-hidden=\"true\" class=\"wp-block-spacer\"><\/div>\n\n\n\n<figure class=\"wp-block-gallery has-nested-images columns-1 slideshow--images wp-block-gallery-2 is-layout-flex wp-block-gallery-is-layout-flex\">\n<figure class=\"wp-block-image size-full\"><img decoding=\"async\" width=\"460\" height=\"300\" data-id=\"209\" src=\"https:\/\/consorciodejabugo.com\/wp-content\/uploads\/2025\/08\/tradicion_elaboracion_secadero_jamones1.jpg\" alt=\"\" class=\"wp-image-209\" srcset=\"https:\/\/consorciodejabugo.com\/wp-content\/uploads\/2025\/08\/tradicion_elaboracion_secadero_jamones1.jpg 460w, https:\/\/consorciodejabugo.com\/wp-content\/uploads\/2025\/08\/tradicion_elaboracion_secadero_jamones1-300x196.jpg 300w\" sizes=\"(max-width: 460px) 100vw, 460px\" \/><\/figure>\n\n\n\n<figure class=\"wp-block-image size-full\"><img decoding=\"async\" width=\"460\" height=\"300\" data-id=\"208\" src=\"https:\/\/consorciodejabugo.com\/wp-content\/uploads\/2025\/08\/tradicion_elaboracion_secadero_jamones2.jpg\" alt=\"\" class=\"wp-image-208\" srcset=\"https:\/\/consorciodejabugo.com\/wp-content\/uploads\/2025\/08\/tradicion_elaboracion_secadero_jamones2.jpg 460w, https:\/\/consorciodejabugo.com\/wp-content\/uploads\/2025\/08\/tradicion_elaboracion_secadero_jamones2-300x196.jpg 300w\" sizes=\"(max-width: 460px) 100vw, 460px\" \/><\/figure>\n<\/figure>\n<\/div>\n<\/div>\n<\/div>\n<\/div>\n\n\n\n<div style=\"height:36px\" aria-hidden=\"true\" class=\"wp-block-spacer\"><\/div>\n\n\n\n<div class=\"wp-block-columns is-layout-flex wp-container-core-columns-is-layout-9d6595d7 wp-block-columns-is-layout-flex\">\n<div class=\"wp-block-column is-layout-flow wp-block-column-is-layout-flow\">\n<h3 class=\"wp-block-heading title h1 font-secondary text-color-medium\">Elaboraci\u00f3n de embutidos<\/h3>\n\n\n\n<div class=\"wp-block-columns is-layout-flex wp-container-core-columns-is-layout-9d6595d7 wp-block-columns-is-layout-flex\">\n<div class=\"wp-block-column is-layout-flow wp-block-column-is-layout-flow\">\n<p>Todos nuestros embutidos est\u00e1n elaborados siguiendo un cuidado proceso artesanal y con una receta mejorada, basada en la selecci\u00f3n especial de materia prima de calidad suprema, aderezada con especias y condimentos naturales y con el toque singular de los maestros chacineros.<\/p>\n\n\n\n<p>La materia prima es un factor determinante de la calidad final de los embutidos elaborados en Consorcio de Jabugo. Sus productos c\u00e1rnicos genuinos son un verdadero lujo, dadas las caracter\u00edsticas de m\u00e1xima calidad de su materia prima, carne y grasa de Cerdo Ib\u00e9rico alimentado en montanera de bellotas.<\/p>\n<\/div>\n\n\n\n<div class=\"wp-block-column is-layout-flow wp-block-column-is-layout-flow\">\n<figure class=\"wp-block-gallery has-nested-images columns-1 slideshow--images wp-block-gallery-3 is-layout-flex wp-block-gallery-is-layout-flex\">\n<figure class=\"wp-block-image size-full\"><img decoding=\"async\" width=\"460\" height=\"300\" data-id=\"218\" src=\"https:\/\/consorciodejabugo.com\/wp-content\/uploads\/2025\/08\/tradicion_elaboracion_secadero_embutidos1.jpg\" alt=\"\" class=\"wp-image-218\" srcset=\"https:\/\/consorciodejabugo.com\/wp-content\/uploads\/2025\/08\/tradicion_elaboracion_secadero_embutidos1.jpg 460w, https:\/\/consorciodejabugo.com\/wp-content\/uploads\/2025\/08\/tradicion_elaboracion_secadero_embutidos1-300x196.jpg 300w\" sizes=\"(max-width: 460px) 100vw, 460px\" \/><\/figure>\n\n\n\n<figure class=\"wp-block-image size-full\"><img decoding=\"async\" width=\"460\" height=\"300\" data-id=\"217\" src=\"https:\/\/consorciodejabugo.com\/wp-content\/uploads\/2025\/08\/tradicion_elaboracion_secadero_embutidos2.jpg\" alt=\"\" class=\"wp-image-217\" srcset=\"https:\/\/consorciodejabugo.com\/wp-content\/uploads\/2025\/08\/tradicion_elaboracion_secadero_embutidos2.jpg 460w, https:\/\/consorciodejabugo.com\/wp-content\/uploads\/2025\/08\/tradicion_elaboracion_secadero_embutidos2-300x196.jpg 300w\" sizes=\"(max-width: 460px) 100vw, 460px\" \/><\/figure>\n\n\n\n<figure class=\"wp-block-image size-full\"><img decoding=\"async\" width=\"460\" height=\"300\" data-id=\"219\" src=\"https:\/\/consorciodejabugo.com\/wp-content\/uploads\/2025\/08\/tradicion_elaboracion_secadero_embutidos3.jpg\" alt=\"\" class=\"wp-image-219\" srcset=\"https:\/\/consorciodejabugo.com\/wp-content\/uploads\/2025\/08\/tradicion_elaboracion_secadero_embutidos3.jpg 460w, https:\/\/consorciodejabugo.com\/wp-content\/uploads\/2025\/08\/tradicion_elaboracion_secadero_embutidos3-300x196.jpg 300w\" sizes=\"(max-width: 460px) 100vw, 460px\" \/><\/figure>\n<\/figure>\n<\/div>\n<\/div>\n<\/div>\n<\/div>\n\n\n\n<div class=\"wp-block-columns is-layout-flex wp-container-core-columns-is-layout-9d6595d7 wp-block-columns-is-layout-flex\">\n<div class=\"wp-block-column is-layout-flow wp-block-column-is-layout-flow\"><\/div>\n<\/div>\n","protected":false},"excerpt":{"rendered":"<p>La premisade nuestra historia La apuesta por la dehesa y la montanera demuestra de manera fehaciente el compromiso de Consorcio de Jabugo con el desarrollo sostenible y con un modelo productivo basado en f\u00f3rmulas tradicionales de manejo del ganado que benefician un ecosistema muy amenazado, vulnerable e imprescindible para la obtenci\u00f3n de los productos de [&hellip;]<\/p>\n","protected":false},"author":1,"featured_media":0,"parent":31,"menu_order":0,"comment_status":"closed","ping_status":"closed","template":"","meta":{"_acf_changed":false,"_et_pb_use_builder":"off","_et_pb_old_content":"","_et_gb_content_width":"1080","footnotes":""},"class_list":["post-111","page","type-page","status-publish","hentry"],"acf":[],"_links":{"self":[{"href":"https:\/\/consorciodejabugo.com\/index.php\/wp-json\/wp\/v2\/pages\/111","targetHints":{"allow":["GET"]}}],"collection":[{"href":"https:\/\/consorciodejabugo.com\/index.php\/wp-json\/wp\/v2\/pages"}],"about":[{"href":"https:\/\/consorciodejabugo.com\/index.php\/wp-json\/wp\/v2\/types\/page"}],"author":[{"embeddable":true,"href":"https:\/\/consorciodejabugo.com\/index.php\/wp-json\/wp\/v2\/users\/1"}],"replies":[{"embeddable":true,"href":"https:\/\/consorciodejabugo.com\/index.php\/wp-json\/wp\/v2\/comments?post=111"}],"version-history":[{"count":0,"href":"https:\/\/consorciodejabugo.com\/index.php\/wp-json\/wp\/v2\/pages\/111\/revisions"}],"up":[{"embeddable":true,"href":"https:\/\/consorciodejabugo.com\/index.php\/wp-json\/wp\/v2\/pages\/31"}],"wp:attachment":[{"href":"https:\/\/consorciodejabugo.com\/index.php\/wp-json\/wp\/v2\/media?parent=111"}],"curies":[{"name":"wp","href":"https:\/\/api.w.org\/{rel}","templated":true}]}}